{"id":14,"date":"2022-11-17T11:32:37","date_gmt":"2022-11-17T11:32:37","guid":{"rendered":"https:\/\/sebastian-schaub.de\/?page_id=14"},"modified":"2023-10-03T19:12:26","modified_gmt":"2023-10-03T19:12:26","slug":"startseite","status":"publish","type":"page","link":"https:\/\/sebastian-schaub.de\/","title":{"rendered":"Startseite"},"content":{"rendered":"\n<div class=\"wp-block-cover\" style=\"min-height:100vh;aspect-ratio:unset;\"><span aria-hidden=\"true\" class=\"wp-block-cover__background has-background-dim-20 has-background-dim\"><\/span><img loading=\"lazy\" decoding=\"async\" width=\"2560\" height=\"1706\" class=\"wp-block-cover__image-background wp-image-219\" alt=\"\" src=\"https:\/\/sebastian-schaub.de\/wp-content\/uploads\/2023\/10\/sebastian-schaub-nices-bild.jpg\" data-object-fit=\"cover\" srcset=\"https:\/\/sebastian-schaub.de\/wp-content\/uploads\/2023\/10\/sebastian-schaub-nices-bild.jpg 2560w, https:\/\/sebastian-schaub.de\/wp-content\/uploads\/2023\/10\/sebastian-schaub-nices-bild-300x200.jpg 300w, https:\/\/sebastian-schaub.de\/wp-content\/uploads\/2023\/10\/sebastian-schaub-nices-bild-1024x682.jpg 1024w, https:\/\/sebastian-schaub.de\/wp-content\/uploads\/2023\/10\/sebastian-schaub-nices-bild-768x512.jpg 768w, https:\/\/sebastian-schaub.de\/wp-content\/uploads\/2023\/10\/sebastian-schaub-nices-bild-1536x1024.jpg 1536w, https:\/\/sebastian-schaub.de\/wp-content\/uploads\/2023\/10\/sebastian-schaub-nices-bild-2048x1365.jpg 2048w\" sizes=\"auto, (max-width: 2560px) 100vw, 2560px\" \/><div class=\"wp-block-cover__inner-container is-layout-flow wp-block-cover-is-layout-flow\">\n<h1 class=\"wp-block-heading has-text-align-center no-link has-white-color has-text-color\"> <\/h1>\n<\/div><\/div>\n\n\n\n<div class=\"wp-block-group is-layout-flow wp-block-group-is-layout-flow\">\n<div class=\"wp-block-columns is-layout-flex wp-container-core-columns-is-layout-9d6595d7 wp-block-columns-is-layout-flex\">\n<div class=\"wp-block-column is-layout-flow wp-block-column-is-layout-flow\">\n<h2 class=\"wp-block-heading h1\" id=\"first-content\">Herzlich<br>Willkommen<\/h2>\n\n\n\n<h3 class=\"wp-block-heading h4\">auf meiner Website.<\/h3>\n<\/div>\n\n\n\n<div class=\"wp-block-column is-layout-flow wp-block-column-is-layout-flow\">\n<p>Diese Seite befindet sich aktuell im Umbau<\/p>\n<\/div>\n<\/div>\n<\/div>\n\n\n\n<div class=\"wp-block-group same-height has-white-background-color has-background is-layout-flow wp-block-group-is-layout-flow\">\n<h2 class=\"wp-block-heading has-text-align-center h1\">Mehr zu mir<\/h2>\n\n\n\n<div class=\"wp-block-columns is-layout-flex wp-container-core-columns-is-layout-9d6595d7 wp-block-columns-is-layout-flex\">\n<div class=\"wp-block-column is-layout-flow wp-block-column-is-layout-flow\">\n<figure class=\"wp-block-image size-large is-style-default\"><img loading=\"lazy\" decoding=\"async\" width=\"1024\" height=\"682\" src=\"https:\/\/sebastian-schaub.de\/wp-content\/uploads\/2023\/03\/DSC_9593-1024x682.jpg\" alt=\"\" class=\"wp-image-124\" srcset=\"https:\/\/sebastian-schaub.de\/wp-content\/uploads\/2023\/03\/DSC_9593-1024x682.jpg 1024w, https:\/\/sebastian-schaub.de\/wp-content\/uploads\/2023\/03\/DSC_9593-300x200.jpg 300w, https:\/\/sebastian-schaub.de\/wp-content\/uploads\/2023\/03\/DSC_9593-768x512.jpg 768w, https:\/\/sebastian-schaub.de\/wp-content\/uploads\/2023\/03\/DSC_9593-1536x1023.jpg 1536w, https:\/\/sebastian-schaub.de\/wp-content\/uploads\/2023\/03\/DSC_9593-2048x1364.jpg 2048w\" sizes=\"auto, (max-width: 1024px) 100vw, 1024px\" \/><\/figure>\n\n\n\n<h4 class=\"wp-block-heading h2 mt-4\">Politische Ziele<\/h4>\n\n\n\n<p>Hier finden Sie meine wichtigsten politischen Ziele f\u00fcr die n\u00e4chsten 5 Jahre f\u00fcr Hessen und den Limburg-Weilburg Kreis.<\/p>\n\n\n\n<p> <\/p>\n\n\n\n<div class=\"wp-block-buttons is-layout-flex wp-block-buttons-is-layout-flex\">\n<div class=\"wp-block-button\"><a class=\"wp-block-button__link wp-element-button\" href=\"https:\/\/sunflower-theme.de\/demo\/category\/aktuelles\/\" style=\"border-radius:100px\">Mehr erfahren<\/a><\/div>\n<\/div>\n<\/div>\n\n\n\n<div class=\"wp-block-column is-layout-flow wp-block-column-is-layout-flow\">\n<figure class=\"wp-block-image size-large\"><img loading=\"lazy\" decoding=\"async\" width=\"1024\" height=\"682\" src=\"https:\/\/sebastian-schaub.de\/wp-content\/uploads\/2023\/03\/DSC_9474-1-1024x682.jpg\" alt=\"\" class=\"wp-image-122\" srcset=\"https:\/\/sebastian-schaub.de\/wp-content\/uploads\/2023\/03\/DSC_9474-1-1024x682.jpg 1024w, https:\/\/sebastian-schaub.de\/wp-content\/uploads\/2023\/03\/DSC_9474-1-300x200.jpg 300w, https:\/\/sebastian-schaub.de\/wp-content\/uploads\/2023\/03\/DSC_9474-1-768x512.jpg 768w, https:\/\/sebastian-schaub.de\/wp-content\/uploads\/2023\/03\/DSC_9474-1-1536x1023.jpg 1536w, https:\/\/sebastian-schaub.de\/wp-content\/uploads\/2023\/03\/DSC_9474-1-2048x1364.jpg 2048w\" sizes=\"auto, (max-width: 1024px) 100vw, 1024px\" \/><\/figure>\n\n\n\n<h4 class=\"wp-block-heading h2 mt-4\">Meine Person<\/h4>\n\n\n\n<p>Ein kleinen Einblick, wer ich bin und wo ich her komme.<\/p>\n\n\n\n<div class=\"wp-block-buttons is-layout-flex wp-block-buttons-is-layout-flex\">\n<div class=\"wp-block-button is-style-fill\"><a class=\"wp-block-button__link wp-element-button\" href=\"https:\/\/https:\/\/sebastian-schaub.de\/?page_id=37\" style=\"border-radius:100px\">Mehr erfahren<\/a><\/div>\n<\/div>\n<\/div>\n\n\n\n<div class=\"wp-block-column is-layout-flow wp-block-column-is-layout-flow\">\n<figure class=\"wp-block-image size-large\"><img loading=\"lazy\" decoding=\"async\" width=\"1024\" height=\"527\" src=\"https:\/\/sebastian-schaub.de\/wp-content\/uploads\/2022\/11\/Limburger-Dom-2019-Verfremdet-WP-optimiert-1024x527.jpg\" alt=\"\" class=\"wp-image-106\" srcset=\"https:\/\/sebastian-schaub.de\/wp-content\/uploads\/2022\/11\/Limburger-Dom-2019-Verfremdet-WP-optimiert-1024x527.jpg 1024w, https:\/\/sebastian-schaub.de\/wp-content\/uploads\/2022\/11\/Limburger-Dom-2019-Verfremdet-WP-optimiert-300x154.jpg 300w, https:\/\/sebastian-schaub.de\/wp-content\/uploads\/2022\/11\/Limburger-Dom-2019-Verfremdet-WP-optimiert-768x395.jpg 768w, https:\/\/sebastian-schaub.de\/wp-content\/uploads\/2022\/11\/Limburger-Dom-2019-Verfremdet-WP-optimiert-1536x790.jpg 1536w, https:\/\/sebastian-schaub.de\/wp-content\/uploads\/2022\/11\/Limburger-Dom-2019-Verfremdet-WP-optimiert-2048x1054.jpg 2048w\" sizes=\"auto, (max-width: 1024px) 100vw, 1024px\" \/><\/figure>\n\n\n\n<h4 class=\"wp-block-heading h2 mt-4\">Beitr\u00e4ge<\/h4>\n\n\n\n<p>Artikel zu den Dingen die mich besch\u00e4ftigen und Veranstaltungen die ich besuchen durfte.<\/p>\n\n\n\n<div class=\"wp-block-buttons is-layout-flex wp-block-buttons-is-layout-flex\">\n<div class=\"wp-block-button\"><a class=\"wp-block-button__link wp-element-button\" style=\"border-radius:100px\">Mehr erfahren<\/a><\/div>\n<\/div>\n<\/div>\n<\/div>\n<\/div>\n\n\n<div class=\"col-12 text-center pb-4\">Keine Beitr\u00e4ge gefunden<\/div>\n    <a class=\"text-white no-link d-block bg-primary has-green-550-hover-background-color border-radius\" href=\"https:\/\/sebastian-schaub.de?post_type=post\" rel=\"\">\n        <div class=\"p-45 row\">\n        <span class=\"continue-reading text-white text-center pt-0\">zum Blog-Archiv<\/span>\n        <\/div>\n    <\/a>\n<\/div><\/div><\/div>\n\n\n<div class=\"wp-block-group alignwide has-white-background-color has-background is-layout-flow wp-block-group-is-layout-flow\" id=\"full-width\">\n<div class=\"wp-block-columns is-layout-flex wp-container-core-columns-is-layout-9d6595d7 wp-block-columns-is-layout-flex\">\n<div class=\"wp-block-column is-layout-flow wp-block-column-is-layout-flow\">\n<figure class=\"wp-block-image size-large\"><img decoding=\"async\" src=\"https:\/\/sunflower-theme.de\/demo\/wp-content\/uploads\/sites\/6\/2021\/03\/jan-huber-4OhFZSAT3sw-unsplash_red-1024x620.jpg\" alt=\"\" class=\"wp-image-337\"\/><\/figure>\n<\/div>\n\n\n\n<div class=\"wp-block-column is-vertically-aligned-center is-layout-flow wp-block-column-is-layout-flow\">\n<h2 class=\"wp-block-heading h1\">Mein Programm<br>f\u00fcr die Zukunft<\/h2>\n\n\n\n<p>Wie sehe ich die Chance und Herausforderungen f\u00fcr Hessen in den n\u00e4chsten Jahren. Was will ich mit den Gr\u00fcnen zusammen bewegen? F\u00fcr Meine W\u00e4hler, f\u00fcr meinen Kreis und f\u00fcr ganz Hessen.<\/p>\n<\/div>\n<\/div>\n<\/div>\n\n\n <div class=\"wp-block-group alignfull sunflower-has-background-dim has-text-color has-white-color has-background is-vertical is-content-justification-center is-content-justification-center is-layout-flex wp-block-group-is-layout-flex next-events \">\n                    <div class=\"wp-block-group__inner-container\">\n                        <h2 class=\"wp-block-heading has-text-align-center h1\">N\u00e4chste Termine<\/h2>\n                        <div class=\"wp-block-button text-center mb-5\"><a class=\"wp-block-button__link no-border-radius\" href=\"https:\/\/sebastian-schaub.de\/?post_type=sunflower_event\" rel=\"\">Alle Termine<\/a><\/div>\n                    <div class=\"row\"><div class=\"col-12 col-md-6 col-lg-4 mb-4\">\n\n<a href=\"https:\/\/sebastian-schaub.de\/?sunflower_event=kreistag-2\" class=\"event-card \" rel=\"bookmark\">\n<article id=\"post-1008\" class=\"event has-shadow post-1008 sunflower_event type-sunflower_event status-publish hentry\">\n\t<div class=\"p-4\">\n\t\t\t\t<div class=\"event-archive-meta\">\n\t\t\t<div class=\"text-uppercase small\">Freitag<\/div>\n\t\t\t<div class=\"date\">\n\t\t\t\t<time datetime=\"2026-05-08 09:00\">\n\t\t\t\t\t08.05.2026 <span class=\"small\">09:00 \u2013 10:00 Uhr<\/span>\t\t\t\t<\/time>\n\t\t\t<\/div>\n\t\t\t<div class=\"fst-italic small\">\n\t\t\t\t\t\t\t<\/div>\n\t\t<\/div>\n\n\t\t<div class=\"mt-2\">\n\t\t\t<header class=\"entry-header pt-2 pb-2\">\n\t\t\t\t<span class=\"h2\">Kreistag<\/span>\t\t\t<\/header><!-- .entry-header -->\n\n\n\t\t\t<div class=\"entry-content\">\n\t\t\t\t<p>Infos siehe unter https:\/\/rim.ekom21.de\/limburg-weilburg\/<\/p>\n\t\t\t<\/div><!-- .entry-content -->\n\n\t\t<\/div>\n\n\t<\/div>\n<\/article><!-- #post-1008 -->\n<\/a>\n<\/div><div class=\"col-12 col-md-6 col-lg-4 mb-4\">\n\n<a href=\"https:\/\/sebastian-schaub.de\/?sunflower_event=csd-in-limburg\" class=\"event-card \" rel=\"bookmark\">\n<article id=\"post-1015\" class=\"event has-shadow post-1015 sunflower_event type-sunflower_event status-publish hentry\">\n\t<div class=\"p-4\">\n\t\t\t\t<div class=\"event-archive-meta\">\n\t\t\t<div class=\"text-uppercase small\">Samstag<\/div>\n\t\t\t<div class=\"date\">\n\t\t\t\t<time datetime=\"2026-05-09 15:00\">\n\t\t\t\t\t09.05.2026 <span class=\"small\">15:00 \u2013 20:00 Uhr<\/span>\t\t\t\t<\/time>\n\t\t\t<\/div>\n\t\t\t<div class=\"fst-italic small\">\n\t\t\t\t\t\t\t<\/div>\n\t\t<\/div>\n\n\t\t<div class=\"mt-2\">\n\t\t\t<header class=\"entry-header pt-2 pb-2\">\n\t\t\t\t<span class=\"h2\">CSD in Limburg<\/span>\t\t\t<\/header><!-- .entry-header -->\n\n\n\t\t\t<div class=\"entry-content\">\n\t\t\t\t\t\t\t<\/div><!-- .entry-content -->\n\n\t\t<\/div>\n\n\t<\/div>\n<\/article><!-- #post-1015 -->\n<\/a>\n<\/div><div class=\"col-12 col-md-6 col-lg-4 mb-4\">\n\n<a href=\"https:\/\/sebastian-schaub.de\/?sunflower_event=kreismitgliederversammlung-mit-vorstandswahl\" class=\"event-card \" rel=\"bookmark\">\n<article id=\"post-1002\" class=\"event has-shadow post-1002 sunflower_event type-sunflower_event status-publish hentry\">\n\t<div class=\"p-4\">\n\t\t\t\t<div class=\"event-archive-meta\">\n\t\t\t<div class=\"text-uppercase small\">Mittwoch<\/div>\n\t\t\t<div class=\"date\">\n\t\t\t\t<time datetime=\"2026-05-27 19:30\">\n\t\t\t\t\t27.05.2026 <span class=\"small\">19:30 \u2013 20:30 Uhr<\/span>\t\t\t\t<\/time>\n\t\t\t<\/div>\n\t\t\t<div class=\"fst-italic small\">\n\t\t\t\t\t\t\t<\/div>\n\t\t<\/div>\n\n\t\t<div class=\"mt-2\">\n\t\t\t<header class=\"entry-header pt-2 pb-2\">\n\t\t\t\t<span class=\"h2\">Kreismitgliederversammlung mit Vorstandswahl<\/span>\t\t\t<\/header><!-- .entry-header -->\n\n\n\t\t\t<div class=\"entry-content\">\n\t\t\t\t\t\t\t<\/div><!-- .entry-content -->\n\n\t\t<\/div>\n\n\t<\/div>\n<\/article><!-- #post-1002 -->\n<\/a>\n<\/div><\/div><\/div><\/div>","protected":false},"excerpt":{"rendered":"<p>HerzlichWillkommen auf meiner Website. Diese Seite befindet sich aktuell im Umbau Mehr zu mir Politische Ziele Hier finden Sie meine wichtigsten politischen Ziele f\u00fcr die n\u00e4chsten 5 Jahre f\u00fcr Hessen [&hellip;]<\/p>\n","protected":false},"author":1,"featured_media":0,"parent":0,"menu_order":0,"comment_status":"closed","ping_status":"closed","template":"","meta":{"rop_custom_images_group":[],"rop_custom_messages_group":[],"rop_publish_now":"initial","rop_publish_now_accounts":[],"rop_publish_now_history":[],"rop_publish_now_status":"pending","footnotes":""},"class_list":["post-14","page","type-page","status-publish","hentry"],"_links":{"self":[{"href":"https:\/\/sebastian-schaub.de\/index.php?rest_route=\/wp\/v2\/pages\/14","targetHints":{"allow":["GET"]}}],"collection":[{"href":"https:\/\/sebastian-schaub.de\/index.php?rest_route=\/wp\/v2\/pages"}],"about":[{"href":"https:\/\/sebastian-schaub.de\/index.php?rest_route=\/wp\/v2\/types\/page"}],"author":[{"embeddable":true,"href":"https:\/\/sebastian-schaub.de\/index.php?rest_route=\/wp\/v2\/users\/1"}],"replies":[{"embeddable":true,"href":"https:\/\/sebastian-schaub.de\/index.php?rest_route=%2Fwp%2Fv2%2Fcomments&post=14"}],"version-history":[{"count":25,"href":"https:\/\/sebastian-schaub.de\/index.php?rest_route=\/wp\/v2\/pages\/14\/revisions"}],"predecessor-version":[{"id":220,"href":"https:\/\/sebastian-schaub.de\/index.php?rest_route=\/wp\/v2\/pages\/14\/revisions\/220"}],"wp:attachment":[{"href":"https:\/\/sebastian-schaub.de\/index.php?rest_route=%2Fwp%2Fv2%2Fmedia&parent=14"}],"curies":[{"name":"wp","href":"https:\/\/api.w.org\/{rel}","templated":true}]}}