{"id":37,"date":"2022-11-17T12:15:08","date_gmt":"2022-11-17T12:15:08","guid":{"rendered":"https:\/\/sebastian-schaub.de\/?page_id=37"},"modified":"2023-09-29T18:57:11","modified_gmt":"2023-09-29T18:57:11","slug":"meine-person","status":"publish","type":"page","link":"https:\/\/sebastian-schaub.de\/?page_id=37","title":{"rendered":"\u00dcber Mich"},"content":{"rendered":"\n<figure class=\"wp-block-image size-large\"><img loading=\"lazy\" decoding=\"async\" width=\"1024\" height=\"682\" src=\"https:\/\/sebastian-schaub.de\/wp-content\/uploads\/2023\/03\/DSC_9474-1024x682.jpg\" alt=\"\" class=\"wp-image-117\" srcset=\"https:\/\/sebastian-schaub.de\/wp-content\/uploads\/2023\/03\/DSC_9474-1024x682.jpg 1024w, https:\/\/sebastian-schaub.de\/wp-content\/uploads\/2023\/03\/DSC_9474-300x200.jpg 300w, https:\/\/sebastian-schaub.de\/wp-content\/uploads\/2023\/03\/DSC_9474-768x512.jpg 768w, https:\/\/sebastian-schaub.de\/wp-content\/uploads\/2023\/03\/DSC_9474-1536x1023.jpg 1536w, https:\/\/sebastian-schaub.de\/wp-content\/uploads\/2023\/03\/DSC_9474-2048x1364.jpg 2048w\" sizes=\"auto, (max-width: 1024px) 100vw, 1024px\" \/><\/figure>\n\n\n\n<h2 class=\"wp-block-heading\">Guten Tag,<\/h2>\n\n\n\n<p>Mein Name ist Dr. Sebastian Schaub. Ich bin Landesvorsitzender der Gr\u00fcnen Hessen und ihr Landtagsdirektkandidat f\u00fcr den Wahlkreis Limburg-Weilburg I. <\/p>\n\n\n\n<div style=\"height:0px\" aria-hidden=\"true\" class=\"wp-block-spacer\"><\/div>\n\n\n\n<p>Am 8. Oktober 2023 wird in Hessen ein neuer Landtag gew\u00e4hlt.<br>Dort will ich mich f\u00fcr Ihre und die Belange unseres Landkreises einsetzen.<\/p>\n\n\n\n<p>Daf\u00fcr bitte ich Sie um Ihr Vertrauen und Ihre Stimme.<\/p>\n\n\n\n<p>Mit meiner Kandidatur will ich die Transformation der Wirtschaft im Limburg Weilburg Kreis unterst\u00fctzen und vorantreiben.&nbsp; F\u00fcr mich ist klar, dass es f\u00fcr alle Limburg-Weilburger wichtig ist, in den kommenden Jahren wirtschaftlich und auch gesellschaftlich die richtigen Weichen zu stellen, da diese Entscheidungen uns f\u00fcr viele Generationen begleiten werden.<\/p>\n\n\n\n<p>Diese Punkte sind mir besonders wichtig:<\/p>\n\n\n\n<ul class=\"wp-block-list\">\n<li>Unterst\u00fctzung unserer Betriebe vor Ort bei der anstehenden Transformation.<\/li>\n\n\n\n<li>St\u00e4rkung der \u00e4rztlichen Versorgung im l\u00e4ndlichen Raum.<\/li>\n\n\n\n<li>Bildungsgerechtigkeit im l\u00e4ndlichen Raum, um Fachkr\u00e4ftemangel zu begegnen.<\/li>\n\n\n\n<li>Eine Verkehrswende, die allen, besonders den Menschen im l\u00e4ndlichen Raum n\u00fctzt.<\/li>\n<\/ul>\n\n\n\n<p>In Zeiten wie diesen geben wir Gr\u00fcnen die richtigen Antworten.<\/p>\n\n\n\n<p><\/p>\n","protected":false},"excerpt":{"rendered":"<p>Guten Tag, Mein Name ist Dr. Sebastian Schaub. Ich bin Landesvorsitzender der Gr\u00fcnen Hessen und ihr Landtagsdirektkandidat f\u00fcr den Wahlkreis Limburg-Weilburg I. Am 8. Oktober 2023 wird in Hessen ein [&hellip;]<\/p>\n","protected":false},"author":1,"featured_media":0,"parent":0,"menu_order":0,"comment_status":"closed","ping_status":"closed","template":"","meta":{"rop_custom_images_group":[],"rop_custom_messages_group":[],"rop_publish_now":"initial","rop_publish_now_accounts":[],"rop_publish_now_history":[],"rop_publish_now_status":"pending","footnotes":""},"class_list":["post-37","page","type-page","status-publish","hentry"],"_links":{"self":[{"href":"https:\/\/sebastian-schaub.de\/index.php?rest_route=\/wp\/v2\/pages\/37","targetHints":{"allow":["GET"]}}],"collection":[{"href":"https:\/\/sebastian-schaub.de\/index.php?rest_route=\/wp\/v2\/pages"}],"about":[{"href":"https:\/\/sebastian-schaub.de\/index.php?rest_route=\/wp\/v2\/types\/page"}],"author":[{"embeddable":true,"href":"https:\/\/sebastian-schaub.de\/index.php?rest_route=\/wp\/v2\/users\/1"}],"replies":[{"embeddable":true,"href":"https:\/\/sebastian-schaub.de\/index.php?rest_route=%2Fwp%2Fv2%2Fcomments&post=37"}],"version-history":[{"count":30,"href":"https:\/\/sebastian-schaub.de\/index.php?rest_route=\/wp\/v2\/pages\/37\/revisions"}],"predecessor-version":[{"id":194,"href":"https:\/\/sebastian-schaub.de\/index.php?rest_route=\/wp\/v2\/pages\/37\/revisions\/194"}],"wp:attachment":[{"href":"https:\/\/sebastian-schaub.de\/index.php?rest_route=%2Fwp%2Fv2%2Fmedia&parent=37"}],"curies":[{"name":"wp","href":"https:\/\/api.w.org\/{rel}","templated":true}]}}